{"id":2651,"date":"2023-06-13T14:58:55","date_gmt":"2023-06-13T12:58:55","guid":{"rendered":"https:\/\/microcasa.uc3m.es\/eventos\/"},"modified":"2024-04-16T12:12:41","modified_gmt":"2024-04-16T10:12:41","slug":"eventos","status":"publish","type":"page","link":"https:\/\/microcasa.uc3m.es\/es\/eventos\/","title":{"rendered":"Eventos"},"content":{"rendered":"<p>[et_pb_section fb_built=\u00bb1&#8243; admin_label=\u00bbHeader\u00bb _builder_version=\u00bb4.24.2&#8243; use_background_color_gradient=\u00bbon\u00bb background_color_gradient_direction=\u00bb85deg\u00bb background_color_gradient_stops=\u00bbrgba(242,64,0,0.78) 0%|rgba(254,162,35,0.71) 100%\u00bb background_color_gradient_start=\u00bb#ffffff\u00bb background_color_gradient_end=\u00bb#dbf0fc\u00bb background_enable_image=\u00bboff\u00bb background_size=\u00bbinitial\u00bb background_position=\u00bbtop_right\u00bb background_blend=\u00bbmultiply\u00bb overflow-x=\u00bbhidden\u00bb overflow-y=\u00bbhidden\u00bb custom_margin=\u00bb||||false|false\u00bb custom_padding=\u00bb30px||||false|false\u00bb bottom_divider_style=\u00bbslant\u00bb bottom_divider_color=\u00bb#ffffff\u00bb bottom_divider_height=\u00bb60vw\u00bb bottom_divider_flip=\u00bbhorizontal\u00bb hover_enabled=\u00bb0&#8243; locked=\u00bboff\u00bb global_colors_info=\u00bb{}\u00bb custom_padding_last_edited=\u00bbon|desktop\u00bb sticky_enabled=\u00bb0&#8243; custom_padding_tablet=\u00bb20px||||false|false\u00bb custom_padding_phone=\u00bb10px||||false|false\u00bb][et_pb_row use_custom_gutter=\u00bbon\u00bb gutter_width=\u00bb2&#8243; make_equal=\u00bbon\u00bb module_id=\u00bbobjectives\u00bb _builder_version=\u00bb4.24.2&#8243; background_color=\u00bb#ffffff\u00bb overflow-x=\u00bbvisible\u00bb overflow-y=\u00bbvisible\u00bb custom_margin=\u00bb|||||false\u00bb custom_padding=\u00bb0px|40px|20px|40px|false|true\u00bb hover_enabled=\u00bb0&#8243; box_shadow_style=\u00bbpreset3&#8243; box_shadow_vertical=\u00bb26px\u00bb box_shadow_blur=\u00bb90px\u00bb box_shadow_spread=\u00bb-14px\u00bb box_shadow_color=\u00bbrgba(0,71,214,0.18)\u00bb locked=\u00bboff\u00bb global_colors_info=\u00bb{}\u00bb box_shadow_vertical__hover=\u00bb10px\u00bb box_shadow_vertical__hover_enabled=\u00bboff\u00bb box_shadow_blur__hover=\u00bb20px\u00bb box_shadow_blur__hover_enabled=\u00bboff\u00bb box_shadow_color__hover=\u00bb#2585b2&#8243; sticky_enabled=\u00bb0&#8243;][et_pb_column type=\u00bb4_4&#8243; _builder_version=\u00bb4.16&#8243; custom_padding=\u00bb80px||||false|false\u00bb custom_padding_tablet=\u00bb0px||||false|false\u00bb custom_padding_phone=\u00bb\u00bb custom_padding_last_edited=\u00bbon|tablet\u00bb global_colors_info=\u00bb{}\u00bb][et_pb_text admin_label=\u00bbText\u00bb _builder_version=\u00bb4.24.2&#8243; _module_preset=\u00bbb5847d26-ceb6-4c37-b10d-01a3d39624a6&#8243; text_font=\u00bbMontserrat|600||||on|||\u00bb text_text_color=\u00bb#175c77&#8243; text_font_size=\u00bb54px\u00bb text_line_height=\u00bb1.6em\u00bb header_font=\u00bb|600|||||||\u00bb header_text_align=\u00bbcenter\u00bb header_text_color=\u00bb#2D3240&#8243; header_font_size=\u00bb48px\u00bb text_orientation=\u00bbcenter\u00bb custom_margin=\u00bb||||false|false\u00bb text_font_size_tablet=\u00bb38px\u00bb text_font_size_phone=\u00bb35px\u00bb text_font_size_last_edited=\u00bbon|tablet\u00bb global_colors_info=\u00bb{}\u00bb custom_padding=\u00bb0px||0px||true|false\u00bb]<\/p>\n<p>Eventos<\/p>\n<p>[\/et_pb_text][et_pb_divider color=\u00bb#F2490C\u00bb divider_weight=\u00bb3px\u00bb _builder_version=\u00bb4.19.4&#8243; _module_preset=\u00bbdefault\u00bb width=\u00bb25%\u00bb module_alignment=\u00bbcenter\u00bb global_colors_info=\u00bb{}\u00bb][\/et_pb_divider][\/et_pb_column][\/et_pb_row][\/et_pb_section][et_pb_section fb_built=\u00bb1&#8243; _builder_version=\u00bb4.24.2&#8243; _module_preset=\u00bbdefault\u00bb hover_enabled=\u00bb0&#8243; global_colors_info=\u00bb{}\u00bb custom_padding=\u00bb0px||||false|false\u00bb sticky_enabled=\u00bb0&#8243;][et_pb_row column_structure=\u00bb3_4,1_4&#8243; _builder_version=\u00bb4.21.0&#8243; _module_preset=\u00bbdefault\u00bb global_colors_info=\u00bb{}\u00bb][et_pb_column type=\u00bb3_4&#8243; _builder_version=\u00bb4.21.0&#8243; _module_preset=\u00bbdefault\u00bb global_colors_info=\u00bb{}\u00bb][et_pb_blog posts_number=\u00bb1&#8243; show_author=\u00bboff\u00bb show_pagination=\u00bboff\u00bb _builder_version=\u00bb4.21.0&#8243; _module_preset=\u00bbdefault\u00bb header_level=\u00bbh1&#8243; header_font=\u00bbCormorant Infant|600|||||||\u00bb header_text_color=\u00bb#2D3240&#8243; header_line_height=\u00bb1.8em\u00bb body_font=\u00bbCabin||||||||\u00bb body_text_align=\u00bbjustify\u00bb body_text_color=\u00bb#2D3240&#8243; body_line_height=\u00bb1.8em\u00bb meta_font=\u00bbCormorant Infant|600|||||||\u00bb meta_text_color=\u00bb#2D3240&#8243; meta_font_size=\u00bb18px\u00bb meta_line_height=\u00bb1.8em\u00bb custom_margin=\u00bb0vw||||false|false\u00bb custom_padding=\u00bb30px|30px||30px|false|true\u00bb box_shadow_style=\u00bbpreset1&#8243; global_colors_info=\u00bb{}\u00bb][\/et_pb_blog][\/et_pb_column][et_pb_column type=\u00bb1_4&#8243; _builder_version=\u00bb4.21.0&#8243; _module_preset=\u00bbdefault\u00bb global_colors_info=\u00bb{}\u00bb][et_pb_social_media_follow _builder_version=\u00bb4.21.0&#8243; _module_preset=\u00bbdefault\u00bb text_orientation=\u00bbcenter\u00bb custom_margin=\u00bb20px||20px||true|false\u00bb locked=\u00bboff\u00bb global_colors_info=\u00bb{}\u00bb][et_pb_social_media_follow_network social_network=\u00bbtwitter\u00bb url=\u00bbhttps:\/\/twitter.com\/MICROCASA_E\u00bb _builder_version=\u00bb4.21.0&#8243; _module_preset=\u00bbdefault\u00bb background_color=\u00bb#000000&#8243; background_enable_color=\u00bbon\u00bb global_colors_info=\u00bb{}\u00bb follow_button=\u00bboff\u00bb url_new_window=\u00bbon\u00bb]twitter[\/et_pb_social_media_follow_network][et_pb_social_media_follow_network social_network=\u00bbfacebook\u00bb url=\u00bbhttps:\/\/www.facebook.com\/MICROCASAcredentials\u00bb _builder_version=\u00bb4.21.0&#8243; _module_preset=\u00bbdefault\u00bb background_color=\u00bb#3b5998&#8243; global_colors_info=\u00bb{}\u00bb follow_button=\u00bboff\u00bb url_new_window=\u00bbon\u00bb]facebook[\/et_pb_social_media_follow_network][et_pb_social_media_follow_network social_network=\u00bbyoutube\u00bb url=\u00bbhttps:\/\/www.youtube.com\/@MICROCASA_ERASMUSplus\u00bb _builder_version=\u00bb4.21.0&#8243; _module_preset=\u00bbdefault\u00bb background_color=\u00bb#a82400&#8243; global_colors_info=\u00bb{}\u00bb follow_button=\u00bboff\u00bb url_new_window=\u00bbon\u00bb]youtube[\/et_pb_social_media_follow_network][et_pb_social_media_follow_network social_network=\u00bblinkedin\u00bb url=\u00bbhttps:\/\/www.linkedin.com\/in\/microcasa-erasmusplus-b2a48426a\/\u00bb _builder_version=\u00bb4.21.0&#8243; _module_preset=\u00bbdefault\u00bb background_color=\u00bb#007bb6&#8243; global_colors_info=\u00bb{}\u00bb follow_button=\u00bboff\u00bb url_new_window=\u00bbon\u00bb]linkedin[\/et_pb_social_media_follow_network][\/et_pb_social_media_follow][\/et_pb_column][\/et_pb_row][et_pb_row _builder_version=\u00bb4.21.0&#8243; _module_preset=\u00bbdefault\u00bb global_colors_info=\u00bb{}\u00bb][et_pb_column type=\u00bb4_4&#8243; _builder_version=\u00bb4.21.0&#8243; _module_preset=\u00bbdefault\u00bb global_colors_info=\u00bb{}\u00bb][et_pb_blog fullwidth=\u00bboff\u00bb posts_number=\u00bb3&#8243; show_author=\u00bboff\u00bb offset_number=\u00bb1&#8243; _builder_version=\u00bb4.21.0&#8243; _module_preset=\u00bbdefault\u00bb header_font=\u00bbCormorant Infant|700|||||||\u00bb header_text_align=\u00bbleft\u00bb header_text_color=\u00bb#2D3240&#8243; header_font_size=\u00bb24px\u00bb header_line_height=\u00bb1.2em\u00bb body_font=\u00bbCabin||||||||\u00bb body_text_align=\u00bbjustify\u00bb body_line_height=\u00bb1.8em\u00bb meta_font=\u00bbCormorant Infant|700|||||||\u00bb meta_text_color=\u00bb#175C77&#8243; meta_font_size=\u00bb17px\u00bb meta_line_height=\u00bb1.8em\u00bb pagination_font=\u00bbCormorant Infant|700|||||||\u00bb custom_margin=\u00bb0vw||||false|false\u00bb global_colors_info=\u00bb{}\u00bb][\/et_pb_blog][\/et_pb_column][\/et_pb_row][\/et_pb_section][et_pb_section fb_built=\u00bb1&#8243; _builder_version=\u00bb4.19.4&#8243; _module_preset=\u00bbdefault\u00bb background_color=\u00bb#f8fafd\u00bb custom_padding=\u00bb0px||17px|||\u00bb locked=\u00bboff\u00bb global_colors_info=\u00bb{}\u00bb][et_pb_row use_custom_gutter=\u00bbon\u00bb gutter_width=\u00bb1&#8243; _builder_version=\u00bb4.19.4&#8243; module_alignment=\u00bbcenter\u00bb border_color_all=\u00bbRGBA(255,255,255,0)\u00bb border_width_bottom=\u00bb1px\u00bb border_color_bottom=\u00bb#8b8f8c\u00bb use_custom_width=\u00bbon\u00bb locked=\u00bboff\u00bb global_colors_info=\u00bb{}\u00bb][et_pb_column type=\u00bb4_4&#8243; _builder_version=\u00bb4.19.4&#8243; _module_preset=\u00bbdefault\u00bb global_colors_info=\u00bb{}\u00bb][et_pb_blurb image=\u00bbhttps:\/\/storage.googleapis.com\/wp-uploads.bucket.wp.uc3m.es\/wp-content\/uploads\/sites\/93\/2023\/02\/20131015\/EN-Co-Funded-by-the-EU_POS.png\u00bb image_icon_width=\u00bb270px\u00bb _builder_version=\u00bb4.19.4&#8243; header_font=\u00bbShare Tech||||||||\u00bb header_font_size=\u00bb24px\u00bb header_line_height=\u00bb1.2em\u00bb body_font=\u00bbOpen Sans||||||||\u00bb body_font_size=\u00bb12px\u00bb body_line_height=\u00bb1.8em\u00bb text_orientation=\u00bbjustified\u00bb custom_margin=\u00bb16px||||false|false\u00bb custom_padding=\u00bb|||\u00bb animation_style=\u00bbfold\u00bb animation_delay=\u00bb150ms\u00bb animation=\u00bboff\u00bb icon_font_size=\u00bb28px\u00bb locked=\u00bboff\u00bb global_colors_info=\u00bb{}\u00bb]<\/p>\n<p style=\"text-align: justify\">Financiado por la Uni\u00f3n Europea. Las opiniones y puntos de vista expresados solo comprometen a su(s) autor(es) y no reflejan necesariamente los de la Uni\u00f3n Europea o los de la Agencia Ejecutiva Europea de Educaci\u00f3n y Cultura (EACEA). Ni la Uni\u00f3n Europea ni la EACEA pueden ser considerados responsables de ellos.<\/p>\n<p>[\/et_pb_blurb][\/et_pb_column][\/et_pb_row][\/et_pb_section]<\/p>\n","protected":false},"excerpt":{"rendered":"<p>EventosFinanciado por la Uni\u00f3n Europea. Las opiniones y puntos de vista expresados solo comprometen a su(s) autor(es) y no reflejan necesariamente los de la Uni\u00f3n Europea o los de la Agencia Ejecutiva Europea de Educaci\u00f3n y Cultura (EACEA). Ni la Uni\u00f3n Europea ni la EACEA pueden ser considerados responsables de ellos.<\/p>\n","protected":false},"author":262,"featured_media":0,"parent":0,"menu_order":0,"comment_status":"closed","ping_status":"closed","template":"","meta":{"_et_pb_use_builder":"on","_et_pb_old_content":"","_et_gb_content_width":"","footnotes":""},"class_list":["post-2651","page","type-page","status-publish","hentry"],"_links":{"self":[{"href":"https:\/\/microcasa.uc3m.es\/es\/wp-json\/wp\/v2\/pages\/2651","targetHints":{"allow":["GET"]}}],"collection":[{"href":"https:\/\/microcasa.uc3m.es\/es\/wp-json\/wp\/v2\/pages"}],"about":[{"href":"https:\/\/microcasa.uc3m.es\/es\/wp-json\/wp\/v2\/types\/page"}],"author":[{"embeddable":true,"href":"https:\/\/microcasa.uc3m.es\/es\/wp-json\/wp\/v2\/users\/262"}],"replies":[{"embeddable":true,"href":"https:\/\/microcasa.uc3m.es\/es\/wp-json\/wp\/v2\/comments?post=2651"}],"version-history":[{"count":13,"href":"https:\/\/microcasa.uc3m.es\/es\/wp-json\/wp\/v2\/pages\/2651\/revisions"}],"predecessor-version":[{"id":5506,"href":"https:\/\/microcasa.uc3m.es\/es\/wp-json\/wp\/v2\/pages\/2651\/revisions\/5506"}],"wp:attachment":[{"href":"https:\/\/microcasa.uc3m.es\/es\/wp-json\/wp\/v2\/media?parent=2651"}],"curies":[{"name":"wp","href":"https:\/\/api.w.org\/{rel}","templated":true}]}}