{"id":2528,"date":"2023-03-24T14:52:45","date_gmt":"2023-03-24T13:52:45","guid":{"rendered":"https:\/\/microcasa.uc3m.es\/microcursos\/"},"modified":"2023-10-19T17:19:08","modified_gmt":"2023-10-19T15:19:08","slug":"microcursos","status":"publish","type":"page","link":"https:\/\/microcasa.uc3m.es\/es\/microcursos\/","title":{"rendered":"Microcursos"},"content":{"rendered":"<p>[et_pb_section fb_built=\u00bb1&#8243; admin_label=\u00bbHeader\u00bb _builder_version=\u00bb4.21.0&#8243; use_background_color_gradient=\u00bbon\u00bb background_color_gradient_direction=\u00bb85deg\u00bb background_color_gradient_stops=\u00bbrgba(242,64,0,0.78) 0%|rgba(254,162,35,0.71) 100%\u00bb background_color_gradient_start=\u00bb#ffffff\u00bb background_color_gradient_end=\u00bb#dbf0fc\u00bb background_enable_image=\u00bboff\u00bb background_size=\u00bbinitial\u00bb background_position=\u00bbtop_right\u00bb background_blend=\u00bbmultiply\u00bb overflow-x=\u00bbhidden\u00bb overflow-y=\u00bbhidden\u00bb custom_margin=\u00bb||||false|false\u00bb custom_padding=\u00bb||||false|false\u00bb bottom_divider_style=\u00bbslant\u00bb bottom_divider_color=\u00bb#ffffff\u00bb bottom_divider_height=\u00bb60vw\u00bb bottom_divider_flip=\u00bbhorizontal\u00bb hover_enabled=\u00bb0&#8243; locked=\u00bboff\u00bb global_colors_info=\u00bb{}\u00bb sticky_enabled=\u00bb0&#8243;][et_pb_row use_custom_gutter=\u00bbon\u00bb gutter_width=\u00bb4&#8243; make_equal=\u00bbon\u00bb module_id=\u00bbobjectives\u00bb _builder_version=\u00bb4.21.0&#8243; background_color=\u00bb#ffffff\u00bb overflow-x=\u00bbvisible\u00bb overflow-y=\u00bbvisible\u00bb custom_margin=\u00bb|||||false\u00bb custom_padding=\u00bb|40px|30px|40px|false|true\u00bb hover_enabled=\u00bb0&#8243; box_shadow_style=\u00bbpreset3&#8243; box_shadow_vertical=\u00bb26px\u00bb box_shadow_blur=\u00bb90px\u00bb box_shadow_spread=\u00bb-14px\u00bb box_shadow_color=\u00bbrgba(0,71,214,0.18)\u00bb locked=\u00bboff\u00bb global_colors_info=\u00bb{}\u00bb box_shadow_vertical__hover=\u00bb10px\u00bb box_shadow_vertical__hover_enabled=\u00bboff\u00bb box_shadow_blur__hover=\u00bb20px\u00bb box_shadow_blur__hover_enabled=\u00bboff\u00bb box_shadow_color__hover=\u00bb#2585b2&#8243; sticky_enabled=\u00bb0&#8243;][et_pb_column type=\u00bb4_4&#8243; _builder_version=\u00bb4.16&#8243; custom_padding=\u00bb80px||||false|false\u00bb custom_padding_tablet=\u00bb0px||||false|false\u00bb custom_padding_phone=\u00bb\u00bb custom_padding_last_edited=\u00bbon|tablet\u00bb global_colors_info=\u00bb{}\u00bb][et_pb_text admin_label=\u00bbText\u00bb _builder_version=\u00bb4.21.0&#8243; _module_preset=\u00bbb5847d26-ceb6-4c37-b10d-01a3d39624a6&#8243; text_font=\u00bbMontserrat|600||||on|||\u00bb text_text_color=\u00bb#175c77&#8243; text_font_size=\u00bb54px\u00bb text_line_height=\u00bb1.6em\u00bb header_font=\u00bb|600|||||||\u00bb header_text_align=\u00bbcenter\u00bb header_text_color=\u00bb#2D3240&#8243; header_font_size=\u00bb48px\u00bb text_orientation=\u00bbcenter\u00bb custom_margin=\u00bb||||false|false\u00bb hover_enabled=\u00bb0&#8243; text_font_size_tablet=\u00bb38px\u00bb text_font_size_phone=\u00bb35px\u00bb text_font_size_last_edited=\u00bbon|tablet\u00bb global_colors_info=\u00bb{}\u00bb sticky_enabled=\u00bb0&#8243;]<\/p>\n<p>Microcursos<\/p>\n<p>[\/et_pb_text][et_pb_divider color=\u00bb#F2490C\u00bb divider_weight=\u00bb3px\u00bb _builder_version=\u00bb4.19.4&#8243; _module_preset=\u00bbdefault\u00bb width=\u00bb25%\u00bb module_alignment=\u00bbcenter\u00bb hover_enabled=\u00bb0&#8243; global_colors_info=\u00bb{}\u00bb sticky_enabled=\u00bb0&#8243;][\/et_pb_divider][et_pb_blurb content_max_width=\u00bb785px\u00bb admin_label=\u00bbBlurb\u00bb _builder_version=\u00bb4.19.4&#8243; _module_preset=\u00bbdefault\u00bb body_font=\u00bbMontserrat||||||||\u00bb body_text_align=\u00bbjustify\u00bb body_text_color=\u00bb#2b3730&#8243; body_font_size=\u00bb20px\u00bb body_line_height=\u00bb1.8em\u00bb text_orientation=\u00bbjustified\u00bb background_layout=\u00bbdark\u00bb module_alignment=\u00bbleft\u00bb global_colors_info=\u00bb{}\u00bb]<\/p>\n<p style=\"text-align: center\">Cursos dirigidos a determinadas competencias deseadas por el mercado y conducentes a la obtenci\u00f3n de microcredenciales.<\/p>\n<p>[\/et_pb_blurb][\/et_pb_column][\/et_pb_row][\/et_pb_section][et_pb_section fb_built=\u00bb1&#8243; admin_label=\u00bbService Section\u00bb module_id=\u00bbactividades\u00bb _builder_version=\u00bb4.21.0&#8243; background_enable_image=\u00bboff\u00bb background_size=\u00bbinitial\u00bb background_position=\u00bbcenter_left\u00bb background_enable_mask_style=\u00bbon\u00bb background_mask_style=\u00bbcaret\u00bb background_mask_color=\u00bb#f8fafd\u00bb background_mask_transform=\u00bbrotate_90_degree\u00bb background_mask_size=\u00bbcover\u00bb custom_padding=\u00bb50px||50px|0px|true|false\u00bb hover_enabled=\u00bb0&#8243; locked=\u00bboff\u00bb global_colors_info=\u00bb{}\u00bb sticky_enabled=\u00bb0&#8243;][et_pb_row column_structure=\u00bb1_4,1_4,1_4,1_4&#8243; use_custom_gutter=\u00bbon\u00bb gutter_width=\u00bb2&#8243; _builder_version=\u00bb4.20.2&#8243; _module_preset=\u00bbdefault\u00bb global_colors_info=\u00bb{}\u00bb][et_pb_column type=\u00bb1_4&#8243; _builder_version=\u00bb4.20.2&#8243; _module_preset=\u00bbdefault\u00bb global_colors_info=\u00bb{}\u00bb][et_pb_blurb image=\u00bbhttps:\/\/storage.googleapis.com\/wp-uploads.bucket.wp.uc3m.es\/wp-content\/uploads\/sites\/93\/2023\/03\/24143932\/book-4800296_1920.jpg\u00bb _builder_version=\u00bb4.20.2&#8243; _module_preset=\u00bbdefault\u00bb header_text_align=\u00bbleft\u00bb background_color=\u00bb#FFFFFF\u00bb custom_margin=\u00bb||||true|true\u00bb custom_padding=\u00bb||||false|true\u00bb border_radii=\u00bbon|6px|6px|6px|6px\u00bb border_radii_image=\u00bboff|3px|3px||\u00bb box_shadow_style=\u00bbpreset1&#8243; global_colors_info=\u00bb{}\u00bb]<\/p>\n<h4> Microcurso 1<\/h4>\n<p>&nbsp;<\/p>\n<p>&nbsp;<\/p>\n<p> Palabra clave<\/p>\n<p>&nbsp;<\/p>\n<p>[\/et_pb_blurb][\/et_pb_column][et_pb_column type=\u00bb1_4&#8243; _builder_version=\u00bb4.20.2&#8243; _module_preset=\u00bbdefault\u00bb global_colors_info=\u00bb{}\u00bb][et_pb_blurb image=\u00bbhttps:\/\/storage.googleapis.com\/wp-uploads.bucket.wp.uc3m.es\/wp-content\/uploads\/sites\/93\/2023\/03\/24144548\/web-design-3411373_1920-e1717149373912.jpg\u00bb _builder_version=\u00bb4.20.2&#8243; _module_preset=\u00bbdefault\u00bb header_text_align=\u00bbleft\u00bb background_color=\u00bb#FFFFFF\u00bb custom_margin=\u00bb||||true|true\u00bb custom_padding=\u00bb||||false|true\u00bb border_radii=\u00bbon|6px|6px|6px|6px\u00bb border_radii_image=\u00bboff|3px|3px||\u00bb box_shadow_style=\u00bbpreset1&#8243; global_colors_info=\u00bb{}\u00bb]<\/p>\n<h4> Microcurso 2<\/h4>\n<p>&nbsp;<\/p>\n<p>&nbsp;<\/p>\n<p> Palabra clave<\/p>\n<p>&nbsp;<\/p>\n<p>[\/et_pb_blurb][\/et_pb_column][et_pb_column type=\u00bb1_4&#8243; _builder_version=\u00bb4.20.2&#8243; _module_preset=\u00bbdefault\u00bb global_colors_info=\u00bb{}\u00bb][et_pb_blurb image=\u00bbhttps:\/\/storage.googleapis.com\/wp-uploads.bucket.wp.uc3m.es\/wp-content\/uploads\/sites\/93\/2023\/03\/24144622\/digital-marketing-1433427_1920.jpg\u00bb _builder_version=\u00bb4.20.2&#8243; _module_preset=\u00bbdefault\u00bb header_text_align=\u00bbleft\u00bb background_color=\u00bb#FFFFFF\u00bb custom_margin=\u00bb||||true|true\u00bb custom_padding=\u00bb||||false|true\u00bb border_radii=\u00bbon|6px|6px|6px|6px\u00bb border_radii_image=\u00bboff|3px|3px||\u00bb box_shadow_style=\u00bbpreset1&#8243; global_colors_info=\u00bb{}\u00bb]<\/p>\n<h4> Microcurso 3<\/h4>\n<p>&nbsp;<\/p>\n<p>&nbsp;<\/p>\n<p> Palabra clave<\/p>\n<p>&nbsp;<\/p>\n<p>[\/et_pb_blurb][\/et_pb_column][et_pb_column type=\u00bb1_4&#8243; _builder_version=\u00bb4.20.2&#8243; _module_preset=\u00bbdefault\u00bb global_colors_info=\u00bb{}\u00bb][et_pb_blurb image=\u00bbhttps:\/\/storage.googleapis.com\/wp-uploads.bucket.wp.uc3m.es\/wp-content\/uploads\/sites\/93\/2023\/03\/24144703\/shopping-3407232_1920.jpg\u00bb _builder_version=\u00bb4.20.2&#8243; _module_preset=\u00bbdefault\u00bb header_text_align=\u00bbleft\u00bb background_color=\u00bb#FFFFFF\u00bb custom_margin=\u00bb||||true|true\u00bb custom_padding=\u00bb||||false|true\u00bb border_radii=\u00bbon|6px|6px|6px|6px\u00bb border_radii_image=\u00bboff|3px|3px||\u00bb box_shadow_style=\u00bbpreset1&#8243; global_colors_info=\u00bb{}\u00bb]<\/p>\n<h4> Microcurso 4<\/h4>\n<p>&nbsp;<\/p>\n<p>&nbsp;<\/p>\n<p> Palabra clave<\/p>\n<p>&nbsp;<\/p>\n<p>[\/et_pb_blurb][\/et_pb_column][\/et_pb_row][\/et_pb_section][et_pb_section fb_built=\u00bb1&#8243; _builder_version=\u00bb4.19.4&#8243; _module_preset=\u00bbdefault\u00bb background_color=\u00bb#f8fafd\u00bb custom_padding=\u00bb0px||17px|||\u00bb global_colors_info=\u00bb{}\u00bb][et_pb_row use_custom_gutter=\u00bbon\u00bb gutter_width=\u00bb1&#8243; _builder_version=\u00bb4.19.4&#8243; module_alignment=\u00bbcenter\u00bb border_color_all=\u00bbRGBA(255,255,255,0)\u00bb border_width_bottom=\u00bb1px\u00bb border_color_bottom=\u00bb#8b8f8c\u00bb use_custom_width=\u00bbon\u00bb locked=\u00bboff\u00bb global_colors_info=\u00bb{}\u00bb][et_pb_column type=\u00bb4_4&#8243; _builder_version=\u00bb4.19.4&#8243; _module_preset=\u00bbdefault\u00bb global_colors_info=\u00bb{}\u00bb][et_pb_blurb image=\u00bbhttps:\/\/storage.googleapis.com\/wp-uploads.bucket.wp.uc3m.es\/wp-content\/uploads\/sites\/93\/2023\/02\/20131015\/EN-Co-Funded-by-the-EU_POS.png\u00bb image_icon_width=\u00bb270px\u00bb _builder_version=\u00bb4.19.4&#8243; header_font=\u00bbShare Tech||||||||\u00bb header_font_size=\u00bb24px\u00bb header_line_height=\u00bb1.2em\u00bb body_font=\u00bbOpen Sans||||||||\u00bb body_font_size=\u00bb12px\u00bb body_line_height=\u00bb1.8em\u00bb text_orientation=\u00bbjustified\u00bb custom_margin=\u00bb16px||||false|false\u00bb custom_padding=\u00bb|||\u00bb animation_style=\u00bbfold\u00bb animation_delay=\u00bb150ms\u00bb animation=\u00bboff\u00bb icon_font_size=\u00bb28px\u00bb locked=\u00bboff\u00bb global_colors_info=\u00bb{}\u00bb]<\/p>\n<p style=\"text-align: justify\">Financiado por la Uni\u00f3n Europea. Las opiniones y puntos de vista expresados solo comprometen a su(s) autor(es) y no reflejan necesariamente los de la Uni\u00f3n Europea o los de la Agencia Ejecutiva Europea de Educaci\u00f3n y Cultura (EACEA). Ni la Uni\u00f3n Europea ni la EACEA pueden ser considerados responsables de ellos.<\/p>\n<p>[\/et_pb_blurb][\/et_pb_column][\/et_pb_row][\/et_pb_section]<\/p>\n","protected":false},"excerpt":{"rendered":"<p>MicrocursosCursos dirigidos a determinadas competencias deseadas por el mercado y conducentes a la obtenci\u00f3n de microcredenciales. Microcurso 1 &nbsp; &nbsp; Palabra clave &nbsp; Microcurso 2 &nbsp; &nbsp; Palabra clave &nbsp; Microcurso 3 &nbsp; &nbsp; Palabra clave &nbsp; Microcurso 4 &nbsp; &nbsp; Palabra clave &nbsp;Financiado por la Uni\u00f3n Europea. Las opiniones y puntos de vista expresados [&hellip;]<\/p>\n","protected":false},"author":262,"featured_media":0,"parent":0,"menu_order":0,"comment_status":"closed","ping_status":"closed","template":"","meta":{"_et_pb_use_builder":"on","_et_pb_old_content":"","_et_gb_content_width":"","footnotes":""},"class_list":["post-2528","page","type-page","status-publish","hentry"],"_links":{"self":[{"href":"https:\/\/microcasa.uc3m.es\/es\/wp-json\/wp\/v2\/pages\/2528","targetHints":{"allow":["GET"]}}],"collection":[{"href":"https:\/\/microcasa.uc3m.es\/es\/wp-json\/wp\/v2\/pages"}],"about":[{"href":"https:\/\/microcasa.uc3m.es\/es\/wp-json\/wp\/v2\/types\/page"}],"author":[{"embeddable":true,"href":"https:\/\/microcasa.uc3m.es\/es\/wp-json\/wp\/v2\/users\/262"}],"replies":[{"embeddable":true,"href":"https:\/\/microcasa.uc3m.es\/es\/wp-json\/wp\/v2\/comments?post=2528"}],"version-history":[{"count":4,"href":"https:\/\/microcasa.uc3m.es\/es\/wp-json\/wp\/v2\/pages\/2528\/revisions"}],"predecessor-version":[{"id":3638,"href":"https:\/\/microcasa.uc3m.es\/es\/wp-json\/wp\/v2\/pages\/2528\/revisions\/3638"}],"wp:attachment":[{"href":"https:\/\/microcasa.uc3m.es\/es\/wp-json\/wp\/v2\/media?parent=2528"}],"curies":[{"name":"wp","href":"https:\/\/api.w.org\/{rel}","templated":true}]}}