{"id":2522,"date":"2023-02-21T15:34:31","date_gmt":"2023-02-21T14:34:31","guid":{"rendered":"https:\/\/microcasa.uc3m.es\/contacto\/"},"modified":"2024-04-16T12:10:15","modified_gmt":"2024-04-16T10:10:15","slug":"contacto","status":"publish","type":"page","link":"https:\/\/microcasa.uc3m.es\/es\/contacto\/","title":{"rendered":"Contacto"},"content":{"rendered":"<p>[et_pb_section fb_built=\u00bb1&#8243; admin_label=\u00bbHeader\u00bb module_id=\u00bbpcc\u00bb _builder_version=\u00bb4.20.2&#8243; use_background_color_gradient=\u00bbon\u00bb background_color_gradient_direction=\u00bb85deg\u00bb background_color_gradient_stops=\u00bbrgba(242,64,0,0.78) 0%|rgba(254,162,35,0.71) 100%\u00bb background_color_gradient_start=\u00bb#ffffff\u00bb background_color_gradient_end=\u00bb#dbf0fc\u00bb background_image=\u00bbhttps:\/\/storage.googleapis.com\/wp-uploads.bucket.wp.uc3m.es\/wp-content\/uploads\/sites\/93\/2023\/04\/18150408\/Team-meeting_Monochromatic-1.png\u00bb background_size=\u00bbinitial\u00bb background_position=\u00bbtop_right\u00bb background_blend=\u00bbmultiply\u00bb overflow-x=\u00bbhidden\u00bb overflow-y=\u00bbhidden\u00bb custom_margin=\u00bb||||false|false\u00bb custom_padding=\u00bb||||false|false\u00bb bottom_divider_style=\u00bbslant\u00bb bottom_divider_color=\u00bb#ffffff\u00bb bottom_divider_height=\u00bb60vw\u00bb bottom_divider_flip=\u00bbhorizontal\u00bb locked=\u00bboff\u00bb global_colors_info=\u00bb{}\u00bb][et_pb_row column_structure=\u00bb3_5,2_5&#8243; _builder_version=\u00bb4.16&#8243; global_colors_info=\u00bb{}\u00bb][et_pb_column type=\u00bb3_5&#8243; _builder_version=\u00bb4.16&#8243; global_colors_info=\u00bb{}\u00bb][et_pb_text _builder_version=\u00bb4.20.2&#8243; text_font=\u00bbMontserrat|500|||||||\u00bb text_text_color=\u00bb#2D3240&#8243; text_font_size=\u00bb27px\u00bb text_line_height=\u00bb1.9em\u00bb header_font=\u00bbMontserrat|600||||on|||\u00bb header_text_align=\u00bbleft\u00bb header_text_color=\u00bb#2D3240&#8243; header_font_size=\u00bb58px\u00bb header_line_height=\u00bb1.1em\u00bb background_enable_color=\u00bboff\u00bb text_orientation=\u00bbcenter\u00bb background_layout=\u00bbdark\u00bb custom_margin=\u00bb||||false|false\u00bb custom_margin_last_edited=\u00bboff|desktop\u00bb header_font_size_tablet=\u00bb38px\u00bb header_font_size_phone=\u00bb37px\u00bb header_font_size_last_edited=\u00bbon|phone\u00bb global_colors_info=\u00bb{}\u00bb]<\/p>\n<h1><span>Comit\u00e9 de Coordinaci\u00f3n de Proyectos<\/span><\/h1>\n<p>[\/et_pb_text][\/et_pb_column][et_pb_column type=\u00bb2_5&#8243; _builder_version=\u00bb4.16&#8243; global_colors_info=\u00bb{}\u00bb][\/et_pb_column][\/et_pb_row][et_pb_row column_structure=\u00bb1_3,1_3,1_3&#8243; custom_padding_last_edited=\u00bbon|desktop\u00bb _builder_version=\u00bb4.19.4&#8243; custom_padding=\u00bb|||\u00bb custom_padding_tablet=\u00bb0px||0px|\u00bb custom_padding_phone=\u00bb\u00bb locked=\u00bboff\u00bb global_colors_info=\u00bb{}\u00bb][et_pb_column type=\u00bb1_3&#8243; _builder_version=\u00bb4.16&#8243; custom_padding=\u00bb|||\u00bb global_colors_info=\u00bb{}\u00bb custom_padding__hover=\u00bb|||\u00bb][et_pb_team_member name=\u00bbArmin Weinberger\u00bb position=\u00bbUNIVERSITAT DES SAARLANDES \u00bb image_url=\u00bbhttps:\/\/storage.googleapis.com\/wp-uploads.bucket.wp.uc3m.es\/wp-content\/uploads\/sites\/93\/2023\/02\/28102004\/Prof_Weinberger_square.jpg\u00bb _builder_version=\u00bb4.19.4&#8243; _module_preset=\u00bbbf250548-ef71-4ecf-8f8c-e3167957fe0a\u00bb icon_hover_color=\u00bb#353740&#8243; global_colors_info=\u00bb{}\u00bb]<\/p>\n<p style=\"text-align: center\">\n<p style=\"text-align: center\">Alemania<\/p>\n<p>[\/et_pb_team_member][\/et_pb_column][et_pb_column type=\u00bb1_3&#8243; _builder_version=\u00bb4.16&#8243; custom_padding=\u00bb|||\u00bb global_colors_info=\u00bb{}\u00bb custom_padding__hover=\u00bb|||\u00bb][et_pb_team_member name=\u00bbCarlos Delgado Kloos\u00bb position=\u00bbUNIVERSIDAD CARLOS III DE MADRID\u00bb image_url=\u00bbhttps:\/\/storage.googleapis.com\/wp-uploads.bucket.wp.uc3m.es\/wp-content\/uploads\/sites\/93\/2023\/02\/28102339\/Carlos_Delgado_square.jpg\u00bb icon_color=\u00bb#F57C00&#8243; _builder_version=\u00bb4.19.4&#8243; header_font=\u00bbPoppins|500|||||||\u00bb header_text_color=\u00bb#486066&#8243; header_font_size=\u00bb18px\u00bb header_line_height=\u00bb1.8em\u00bb body_font=\u00bbOpen Sans||||||||\u00bb body_font_size=\u00bb16px\u00bb body_line_height=\u00bb1.8em\u00bb body_link_font=\u00bb|700|||||||\u00bb body_link_text_color=\u00bb#F57C00&#8243; background_color=\u00bb#ffffff\u00bb text_orientation=\u00bbcenter\u00bb max_width=\u00bb360px\u00bb module_alignment=\u00bbcenter\u00bb height=\u00bb460px\u00bb custom_margin=\u00bb|||\u00bb custom_padding=\u00bb30px|30px|30px|30px\u00bb animation_style=\u00bbfade\u00bb custom_css_member_image=\u00bb||\u00bb border_radii=\u00bbon|6px|6px|6px|6px\u00bb border_radii_image=\u00bbon|8px|8px|8px|8px\u00bb box_shadow_style=\u00bbpreset1&#8243; box_shadow_vertical=\u00bb10px\u00bb box_shadow_blur=\u00bb24px\u00bb box_shadow_spread=\u00bb6px\u00bb box_shadow_color=\u00bbrgba(0,0,0,0.06)\u00bb icon_hover_color=\u00bb#353740&#8243; global_colors_info=\u00bb{}\u00bb icon_color__hover=\u00bb#353740&#8243; icon_color__hover_enabled=\u00bbon\u00bb]<\/p>\n<p style=\"text-align: center\">Espa\u00f1a<\/p>\n<p>[\/et_pb_team_member][\/et_pb_column][et_pb_column type=\u00bb1_3&#8243; _builder_version=\u00bb4.16&#8243; custom_padding=\u00bb|||\u00bb global_colors_info=\u00bb{}\u00bb custom_padding__hover=\u00bb|||\u00bb][et_pb_team_member name=\u00bbAniello Merone\u00bb position=\u00bbUNIVERSITA DEGLI STUDI EUROPEA\u00bb image_url=\u00bbhttps:\/\/storage.googleapis.com\/wp-uploads.bucket.wp.uc3m.es\/wp-content\/uploads\/sites\/93\/2023\/03\/06121058\/Merone-con-logo-alle-spalle_square-3.jpg\u00bb icon_color=\u00bb#F57C00&#8243; _builder_version=\u00bb4.19.4&#8243; header_font=\u00bbPoppins|500|||||||\u00bb header_text_color=\u00bb#486066&#8243; header_font_size=\u00bb18px\u00bb header_line_height=\u00bb1.8em\u00bb body_font=\u00bbOpen Sans||||||||\u00bb body_font_size=\u00bb16px\u00bb body_line_height=\u00bb1.8em\u00bb body_link_font=\u00bb|700|||||||\u00bb body_link_text_color=\u00bb#F57C00&#8243; background_color=\u00bb#ffffff\u00bb text_orientation=\u00bbcenter\u00bb max_width=\u00bb360px\u00bb module_alignment=\u00bbcenter\u00bb height=\u00bb460px\u00bb custom_margin=\u00bb|||\u00bb custom_padding=\u00bb30px|30px|30px|30px\u00bb animation_style=\u00bbfade\u00bb border_radii=\u00bbon|6px|6px|6px|6px\u00bb border_radii_image=\u00bbon|8px|8px|8px|8px\u00bb box_shadow_style=\u00bbpreset1&#8243; box_shadow_vertical=\u00bb10px\u00bb box_shadow_blur=\u00bb24px\u00bb box_shadow_spread=\u00bb6px\u00bb box_shadow_color=\u00bbrgba(0,0,0,0.06)\u00bb icon_hover_color=\u00bb#353740&#8243; global_colors_info=\u00bb{}\u00bb icon_color__hover=\u00bb#353740&#8243; icon_color__hover_enabled=\u00bbon\u00bb]<\/p>\n<p style=\"text-align: center\">Italia<\/p>\n<p>&nbsp;<\/p>\n<p>[\/et_pb_team_member][\/et_pb_column][\/et_pb_row][et_pb_row column_structure=\u00bb1_3,1_3,1_3&#8243; custom_padding_last_edited=\u00bbon|desktop\u00bb _builder_version=\u00bb4.19.4&#8243; custom_margin=\u00bb||||false|false\u00bb custom_padding=\u00bb|||\u00bb custom_padding_tablet=\u00bb4vw||0px||false|false\u00bb custom_padding_phone=\u00bb7vw||||false|false\u00bb locked=\u00bboff\u00bb global_colors_info=\u00bb{}\u00bb][et_pb_column type=\u00bb1_3&#8243; _builder_version=\u00bb4.16&#8243; custom_padding=\u00bb|||\u00bb global_colors_info=\u00bb{}\u00bb custom_padding__hover=\u00bb|||\u00bb][et_pb_team_member name=\u00bbManuela Costone\u00bb position=\u00bbASSOCIAZIONE CIMEA\u00bb image_url=\u00bbhttps:\/\/storage.googleapis.com\/wp-uploads.bucket.wp.uc3m.es\/wp-content\/uploads\/sites\/93\/2023\/02\/28103807\/Manuella_Costone_square.jpg\u00bb icon_color=\u00bb#F57C00&#8243; _builder_version=\u00bb4.19.4&#8243; header_font=\u00bbPoppins|500|||||||\u00bb header_text_color=\u00bb#486066&#8243; header_font_size=\u00bb18px\u00bb header_line_height=\u00bb1.8em\u00bb body_font=\u00bbOpen Sans||||||||\u00bb body_font_size=\u00bb16px\u00bb body_line_height=\u00bb1.8em\u00bb body_link_font=\u00bb|700|||||||\u00bb body_link_text_color=\u00bb#F57C00&#8243; background_color=\u00bb#ffffff\u00bb text_orientation=\u00bbcenter\u00bb max_width=\u00bb360px\u00bb module_alignment=\u00bbcenter\u00bb height=\u00bb460px\u00bb custom_margin=\u00bb|||\u00bb custom_padding=\u00bb30px|30px|30px|30px\u00bb animation_style=\u00bbfade\u00bb border_radii=\u00bbon|6px|6px|6px|6px\u00bb border_radii_image=\u00bbon|8px|8px|8px|8px\u00bb box_shadow_style=\u00bbpreset1&#8243; box_shadow_vertical=\u00bb10px\u00bb box_shadow_blur=\u00bb24px\u00bb box_shadow_spread=\u00bb6px\u00bb box_shadow_color=\u00bbrgba(0,0,0,0.06)\u00bb icon_hover_color=\u00bb#353740&#8243; global_colors_info=\u00bb{}\u00bb icon_color__hover=\u00bb#353740&#8243; icon_color__hover_enabled=\u00bbon\u00bb]<\/p>\n<p style=\"text-align: center\">Italia<\/p>\n<p>[\/et_pb_team_member][\/et_pb_column][et_pb_column type=\u00bb1_3&#8243; _builder_version=\u00bb4.16&#8243; custom_padding=\u00bb|||\u00bb global_colors_info=\u00bb{}\u00bb custom_padding__hover=\u00bb|||\u00bb][et_pb_team_member name=\u00bbAndrey Girenko\u00bb position=\u00bbGIRAF PM e.K.\u00bb image_url=\u00bbhttps:\/\/storage.googleapis.com\/wp-uploads.bucket.wp.uc3m.es\/wp-content\/uploads\/sites\/93\/2023\/02\/28102137\/Photo_Girenko_GIRAF_square.jpg\u00bb icon_color=\u00bb#F57C00&#8243; _builder_version=\u00bb4.19.4&#8243; header_font=\u00bbPoppins|500|||||||\u00bb header_text_color=\u00bb#486066&#8243; header_font_size=\u00bb18px\u00bb header_line_height=\u00bb1.8em\u00bb body_font=\u00bbOpen Sans||||||||\u00bb body_font_size=\u00bb16px\u00bb body_line_height=\u00bb1.8em\u00bb body_link_font=\u00bb|700|||||||\u00bb body_link_text_color=\u00bb#F57C00&#8243; background_color=\u00bb#ffffff\u00bb text_orientation=\u00bbcenter\u00bb max_width=\u00bb360px\u00bb module_alignment=\u00bbcenter\u00bb height=\u00bb460px\u00bb custom_margin=\u00bb|||\u00bb custom_padding=\u00bb30px|30px|30px|30px\u00bb animation_style=\u00bbfade\u00bb border_radii=\u00bbon|6px|6px|6px|6px\u00bb border_radii_image=\u00bbon|8px|8px|8px|8px\u00bb box_shadow_style=\u00bbpreset1&#8243; box_shadow_vertical=\u00bb10px\u00bb box_shadow_blur=\u00bb24px\u00bb box_shadow_spread=\u00bb6px\u00bb box_shadow_color=\u00bbrgba(0,0,0,0.06)\u00bb icon_hover_color=\u00bb#353740&#8243; global_colors_info=\u00bb{}\u00bb icon_color__hover=\u00bb#353740&#8243; icon_color__hover_enabled=\u00bbon\u00bb]<\/p>\n<p style=\"text-align: center\">Alemania<\/p>\n<p>[\/et_pb_team_member][\/et_pb_column][et_pb_column type=\u00bb1_3&#8243; _builder_version=\u00bb4.16&#8243; custom_padding=\u00bb|||\u00bb global_colors_info=\u00bb{}\u00bb custom_padding__hover=\u00bb|||\u00bb][et_pb_team_member name=\u00bbRadziah Adam\u00bb position=\u00bbUNIVERSITI SAINS MALAYSIA\u00bb image_url=\u00bbhttps:\/\/storage.googleapis.com\/wp-uploads.bucket.wp.uc3m.es\/wp-content\/uploads\/sites\/93\/2023\/02\/28101627\/USM_Dr-Radziah-Adam_square-3.jpg\u00bb icon_color=\u00bb#F57C00&#8243; _builder_version=\u00bb4.19.4&#8243; header_font=\u00bbPoppins|500|||||||\u00bb header_text_color=\u00bb#486066&#8243; header_font_size=\u00bb18px\u00bb header_line_height=\u00bb1.8em\u00bb body_font=\u00bbOpen Sans||||||||\u00bb body_font_size=\u00bb16px\u00bb body_line_height=\u00bb1.8em\u00bb body_link_font=\u00bb|700|||||||\u00bb body_link_text_color=\u00bb#F57C00&#8243; background_color=\u00bb#ffffff\u00bb text_orientation=\u00bbcenter\u00bb max_width=\u00bb360px\u00bb module_alignment=\u00bbcenter\u00bb height=\u00bb460px\u00bb custom_margin=\u00bb|||\u00bb custom_padding=\u00bb30px|30px|30px|30px\u00bb animation_style=\u00bbfade\u00bb border_radii=\u00bbon|6px|6px|6px|6px\u00bb border_radii_image=\u00bbon|8px|8px|8px|8px\u00bb box_shadow_style=\u00bbpreset1&#8243; box_shadow_vertical=\u00bb10px\u00bb box_shadow_blur=\u00bb24px\u00bb box_shadow_spread=\u00bb6px\u00bb box_shadow_color=\u00bbrgba(0,0,0,0.06)\u00bb icon_hover_color=\u00bb#353740&#8243; global_colors_info=\u00bb{}\u00bb icon_color__hover=\u00bb#353740&#8243; icon_color__hover_enabled=\u00bbon\u00bb]<\/p>\n<p style=\"text-align: center\">Malasia<\/p>\n<p>[\/et_pb_team_member][\/et_pb_column][\/et_pb_row][et_pb_row column_structure=\u00bb1_3,1_3,1_3&#8243; custom_padding_last_edited=\u00bbon|tablet\u00bb _builder_version=\u00bb4.19.4&#8243; custom_margin=\u00bb||||false|false\u00bb custom_padding=\u00bb|||\u00bb custom_padding_tablet=\u00bb4vw||0px||false|false\u00bb custom_padding_phone=\u00bb7vw||||false|false\u00bb locked=\u00bboff\u00bb global_colors_info=\u00bb{}\u00bb][et_pb_column type=\u00bb1_3&#8243; _builder_version=\u00bb4.16&#8243; custom_padding=\u00bb|||\u00bb global_colors_info=\u00bb{}\u00bb custom_padding__hover=\u00bb|||\u00bb][et_pb_team_member name=\u00bbNarayanan Kulathuramaiyer\u00bb position=\u00bbUNIVERSITI MALAYSIA SARAWAK\u00bb image_url=\u00bbhttps:\/\/storage.googleapis.com\/wp-uploads.bucket.wp.uc3m.es\/wp-content\/uploads\/sites\/93\/2023\/03\/06121234\/nara_square.jpg\u00bb icon_color=\u00bb#F57C00&#8243; _builder_version=\u00bb4.19.4&#8243; header_font=\u00bbPoppins|500|||||||\u00bb header_text_color=\u00bb#486066&#8243; header_font_size=\u00bb18px\u00bb header_line_height=\u00bb1.8em\u00bb body_font=\u00bbOpen Sans||||||||\u00bb body_font_size=\u00bb16px\u00bb body_line_height=\u00bb1.8em\u00bb body_link_font=\u00bb|700|||||||\u00bb body_link_text_color=\u00bb#F57C00&#8243; background_color=\u00bb#ffffff\u00bb text_orientation=\u00bbcenter\u00bb max_width=\u00bb360px\u00bb module_alignment=\u00bbcenter\u00bb height=\u00bb460px\u00bb custom_margin=\u00bb|||\u00bb custom_padding=\u00bb30px|30px|30px|30px\u00bb animation_style=\u00bbfade\u00bb border_radii=\u00bbon|6px|6px|6px|6px\u00bb border_radii_image=\u00bbon|8px|8px|8px|8px\u00bb box_shadow_style=\u00bbpreset1&#8243; box_shadow_vertical=\u00bb10px\u00bb box_shadow_blur=\u00bb24px\u00bb box_shadow_spread=\u00bb6px\u00bb box_shadow_color=\u00bbrgba(0,0,0,0.06)\u00bb icon_hover_color=\u00bb#353740&#8243; global_colors_info=\u00bb{}\u00bb icon_color__hover=\u00bb#353740&#8243; icon_color__hover_enabled=\u00bbon\u00bb]<\/p>\n<p style=\"text-align: center\">Malasia<\/p>\n<p>[\/et_pb_team_member][\/et_pb_column][et_pb_column type=\u00bb1_3&#8243; _builder_version=\u00bb4.16&#8243; custom_padding=\u00bb|||\u00bb global_colors_info=\u00bb{}\u00bb custom_padding__hover=\u00bb|||\u00bb][et_pb_team_member name=\u00bbAchmad Basuki \u00bb position=\u00bbUNIVERSITAS BRAWIDJAJA\u00bb image_url=\u00bbhttps:\/\/storage.googleapis.com\/wp-uploads.bucket.wp.uc3m.es\/wp-content\/uploads\/sites\/93\/2023\/02\/28104113\/achmad-basuki_square.jpg\u00bb icon_color=\u00bb#F57C00&#8243; _builder_version=\u00bb4.19.4&#8243; header_font=\u00bbPoppins|500|||||||\u00bb header_text_color=\u00bb#486066&#8243; header_font_size=\u00bb18px\u00bb header_line_height=\u00bb1.8em\u00bb body_font=\u00bbOpen Sans||||||||\u00bb body_font_size=\u00bb16px\u00bb body_line_height=\u00bb1.8em\u00bb body_link_font=\u00bb|700|||||||\u00bb body_link_text_color=\u00bb#F57C00&#8243; background_color=\u00bb#ffffff\u00bb text_orientation=\u00bbcenter\u00bb max_width=\u00bb360px\u00bb module_alignment=\u00bbcenter\u00bb height=\u00bb460px\u00bb custom_margin=\u00bb|||\u00bb custom_padding=\u00bb30px|30px|30px|30px\u00bb animation_style=\u00bbfade\u00bb border_radii=\u00bbon|6px|6px|6px|6px\u00bb border_radii_image=\u00bbon|8px|8px|8px|8px\u00bb box_shadow_style=\u00bbpreset1&#8243; box_shadow_vertical=\u00bb10px\u00bb box_shadow_blur=\u00bb24px\u00bb box_shadow_spread=\u00bb6px\u00bb box_shadow_color=\u00bbrgba(0,0,0,0.06)\u00bb icon_hover_color=\u00bb#353740&#8243; global_colors_info=\u00bb{}\u00bb icon_color__hover=\u00bb#353740&#8243; icon_color__hover_enabled=\u00bbon\u00bb]<\/p>\n<p style=\"text-align: center\">Indonesia<\/p>\n<p>[\/et_pb_team_member][\/et_pb_column][et_pb_column type=\u00bb1_3&#8243; _builder_version=\u00bb4.16&#8243; custom_padding=\u00bb|||\u00bb global_colors_info=\u00bb{}\u00bb custom_padding__hover=\u00bb|||\u00bb][et_pb_team_member name=\u00bbAlwin Sambul\u00bb position=\u00bbUNIVERSITAS SAM RATULANGI\u00bb image_url=\u00bbhttps:\/\/storage.googleapis.com\/wp-uploads.bucket.wp.uc3m.es\/wp-content\/uploads\/sites\/93\/2023\/03\/06140339\/alwin_square.jpg\u00bb icon_color=\u00bb#F57C00&#8243; _builder_version=\u00bb4.19.4&#8243; header_font=\u00bbPoppins|500|||||||\u00bb header_text_color=\u00bb#486066&#8243; header_font_size=\u00bb18px\u00bb header_line_height=\u00bb1.8em\u00bb body_font=\u00bbOpen Sans||||||||\u00bb body_font_size=\u00bb16px\u00bb body_line_height=\u00bb1.8em\u00bb body_link_font=\u00bb|700|||||||\u00bb body_link_text_color=\u00bb#F57C00&#8243; background_color=\u00bb#ffffff\u00bb text_orientation=\u00bbcenter\u00bb max_width=\u00bb360px\u00bb module_alignment=\u00bbcenter\u00bb height=\u00bb460px\u00bb custom_margin=\u00bb|||\u00bb custom_padding=\u00bb30px|30px|30px|30px\u00bb animation_style=\u00bbfade\u00bb border_radii=\u00bbon|6px|6px|6px|6px\u00bb border_radii_image=\u00bbon|8px|8px|8px|8px\u00bb box_shadow_style=\u00bbpreset1&#8243; box_shadow_vertical=\u00bb10px\u00bb box_shadow_blur=\u00bb24px\u00bb box_shadow_spread=\u00bb6px\u00bb box_shadow_color=\u00bbrgba(0,0,0,0.06)\u00bb icon_hover_color=\u00bb#353740&#8243; global_colors_info=\u00bb{}\u00bb icon_color__hover=\u00bb#353740&#8243; icon_color__hover_enabled=\u00bbon\u00bb]<\/p>\n<p style=\"text-align: center\">Indonesia<\/p>\n<p>[\/et_pb_team_member][\/et_pb_column][\/et_pb_row][et_pb_row column_structure=\u00bb1_3,1_3,1_3&#8243; custom_padding_last_edited=\u00bbon|phone\u00bb _builder_version=\u00bb4.19.4&#8243; custom_margin=\u00bb||||false|false\u00bb custom_padding=\u00bb|||\u00bb custom_padding_tablet=\u00bb4vw||||false|false\u00bb custom_padding_phone=\u00bb7vw||||false|false\u00bb locked=\u00bboff\u00bb global_colors_info=\u00bb{}\u00bb][et_pb_column type=\u00bb1_3&#8243; _builder_version=\u00bb4.16&#8243; custom_padding=\u00bb|||\u00bb global_colors_info=\u00bb{}\u00bb custom_padding__hover=\u00bb|||\u00bb][et_pb_team_member name=\u00bbPeter Sy\u00bb position=\u00bbUNIVERSITY OF THE PHILIPPINES SYSTEM\u00bb image_url=\u00bbhttps:\/\/storage.googleapis.com\/wp-uploads.bucket.wp.uc3m.es\/wp-content\/uploads\/sites\/93\/2023\/05\/05113446\/peterSy_square.png\u00bb icon_color=\u00bb#F57C00&#8243; _builder_version=\u00bb4.21.0&#8243; header_font=\u00bbPoppins|500|||||||\u00bb header_text_color=\u00bb#486066&#8243; header_font_size=\u00bb18px\u00bb header_line_height=\u00bb1.8em\u00bb body_font=\u00bbOpen Sans||||||||\u00bb body_font_size=\u00bb16px\u00bb body_line_height=\u00bb1.8em\u00bb body_link_font=\u00bb|700|||||||\u00bb body_link_text_color=\u00bb#F57C00&#8243; background_color=\u00bb#ffffff\u00bb text_orientation=\u00bbcenter\u00bb max_width=\u00bb360px\u00bb module_alignment=\u00bbcenter\u00bb height=\u00bb460px\u00bb custom_margin=\u00bb|||\u00bb custom_padding=\u00bb30px|30px|30px|30px\u00bb animation_style=\u00bbfade\u00bb border_radii=\u00bbon|6px|6px|6px|6px\u00bb border_radii_image=\u00bbon|8px|8px|8px|8px\u00bb box_shadow_style=\u00bbpreset1&#8243; box_shadow_vertical=\u00bb10px\u00bb box_shadow_blur=\u00bb24px\u00bb box_shadow_spread=\u00bb6px\u00bb box_shadow_color=\u00bbrgba(0,0,0,0.06)\u00bb icon_hover_color=\u00bb#353740&#8243; global_colors_info=\u00bb{}\u00bb icon_color__hover=\u00bb#353740&#8243; icon_color__hover_enabled=\u00bbon\u00bb]<\/p>\n<p style=\"text-align: center\">Filipinas<\/p>\n<p>[\/et_pb_team_member][\/et_pb_column][et_pb_column type=\u00bb1_3&#8243; _builder_version=\u00bb4.16&#8243; custom_padding=\u00bb|||\u00bb global_colors_info=\u00bb{}\u00bb custom_padding__hover=\u00bb|||\u00bb][et_pb_team_member name=\u00bbDennis B. Batangan\u00bb position=\u00bbATENEO DE MANILA UNIVERSITY\u00bb image_url=\u00bbhttps:\/\/storage.googleapis.com\/wp-uploads.bucket.wp.uc3m.es\/wp-content\/uploads\/sites\/93\/2023\/03\/01123545\/Dr.Dennis_Batangan_square.png\u00bb icon_color=\u00bb#F57C00&#8243; _builder_version=\u00bb4.19.4&#8243; header_font=\u00bbPoppins|500|||||||\u00bb header_text_color=\u00bb#486066&#8243; header_font_size=\u00bb18px\u00bb header_line_height=\u00bb1.8em\u00bb body_font=\u00bbOpen Sans||||||||\u00bb body_font_size=\u00bb16px\u00bb body_line_height=\u00bb1.8em\u00bb body_link_font=\u00bb|700|||||||\u00bb body_link_text_color=\u00bb#F57C00&#8243; background_color=\u00bb#ffffff\u00bb text_orientation=\u00bbcenter\u00bb max_width=\u00bb360px\u00bb module_alignment=\u00bbcenter\u00bb height=\u00bb460px\u00bb custom_margin=\u00bb|||\u00bb custom_padding=\u00bb30px|30px|30px|30px\u00bb animation_style=\u00bbfade\u00bb border_radii=\u00bbon|6px|6px|6px|6px\u00bb border_radii_image=\u00bbon|8px|8px|8px|8px\u00bb box_shadow_style=\u00bbpreset1&#8243; box_shadow_vertical=\u00bb10px\u00bb box_shadow_blur=\u00bb24px\u00bb box_shadow_spread=\u00bb6px\u00bb box_shadow_color=\u00bbrgba(0,0,0,0.06)\u00bb icon_hover_color=\u00bb#353740&#8243; global_colors_info=\u00bb{}\u00bb icon_color__hover=\u00bb#353740&#8243; icon_color__hover_enabled=\u00bbon\u00bb]<\/p>\n<p style=\"text-align: center\">Filipinas<\/p>\n<p>[\/et_pb_team_member][\/et_pb_column][et_pb_column type=\u00bb1_3&#8243; _builder_version=\u00bb4.16&#8243; custom_padding=\u00bb|||\u00bb global_colors_info=\u00bb{}\u00bb custom_padding__hover=\u00bb|||\u00bb][\/et_pb_column][\/et_pb_row][\/et_pb_section][et_pb_section fb_built=\u00bb1&#8243; admin_label=\u00bbOur Partners Section\u00bb module_id=\u00bbemailForm\u00bb _builder_version=\u00bb4.24.0&#8243; custom_padding=\u00bb||||false|false\u00bb global_colors_info=\u00bb{}\u00bb][et_pb_row _builder_version=\u00bb4.16&#8243; locked=\u00bboff\u00bb global_colors_info=\u00bb{}\u00bb][et_pb_column type=\u00bb4_4&#8243; _builder_version=\u00bb4.16&#8243; global_colors_info=\u00bb{}\u00bb][et_pb_button button_url=\u00bbmailto:i.liberado@edutech.uni-saarland.de\u00bb url_new_window=\u00bbon\u00bb button_text=\u00bbEnv\u00edenos un correo electr\u00f3nico\u00bb button_alignment=\u00bbcenter\u00bb _builder_version=\u00bb4.24.2&#8243; _module_preset=\u00bbdefault\u00bb custom_button=\u00bbon\u00bb button_text_size=\u00bb25px\u00bb button_bg_use_color_gradient=\u00bbon\u00bb button_bg_color_gradient_direction=\u00bb-45deg\u00bb button_bg_color_gradient_stops=\u00bb#f2490c 0%|#f9ae34 100%\u00bb button_border_width=\u00bb0px\u00bb button_border_radius=\u00bb28px\u00bb button_use_icon=\u00bboff\u00bb background_layout=\u00bbdark\u00bb hover_enabled=\u00bb0&#8243; button_text_size_tablet=\u00bb20px\u00bb button_text_size_phone=\u00bb18px\u00bb button_text_size_last_edited=\u00bbon|phone\u00bb global_colors_info=\u00bb{}\u00bb sticky_enabled=\u00bb0&#8243;][\/et_pb_button][\/et_pb_column][\/et_pb_row][\/et_pb_section][et_pb_section fb_built=\u00bb1&#8243; _builder_version=\u00bb4.19.4&#8243; _module_preset=\u00bbdefault\u00bb background_color=\u00bb#f8fafd\u00bb custom_padding=\u00bb0px||17px|||\u00bb locked=\u00bboff\u00bb global_colors_info=\u00bb{}\u00bb][et_pb_row use_custom_gutter=\u00bbon\u00bb gutter_width=\u00bb1&#8243; _builder_version=\u00bb4.19.4&#8243; module_alignment=\u00bbcenter\u00bb border_color_all=\u00bbRGBA(255,255,255,0)\u00bb border_width_bottom=\u00bb1px\u00bb border_color_bottom=\u00bb#8b8f8c\u00bb use_custom_width=\u00bbon\u00bb locked=\u00bboff\u00bb global_colors_info=\u00bb{}\u00bb][et_pb_column type=\u00bb4_4&#8243; _builder_version=\u00bb4.19.4&#8243; _module_preset=\u00bbdefault\u00bb global_colors_info=\u00bb{}\u00bb][et_pb_blurb image=\u00bbhttps:\/\/storage.googleapis.com\/wp-uploads.bucket.wp.uc3m.es\/wp-content\/uploads\/sites\/93\/2023\/02\/20131015\/EN-Co-Funded-by-the-EU_POS.png\u00bb image_icon_width=\u00bb270px\u00bb _builder_version=\u00bb4.19.4&#8243; header_font=\u00bbShare Tech||||||||\u00bb header_font_size=\u00bb24px\u00bb header_line_height=\u00bb1.2em\u00bb body_font=\u00bbOpen Sans||||||||\u00bb body_font_size=\u00bb12px\u00bb body_line_height=\u00bb1.8em\u00bb text_orientation=\u00bbjustified\u00bb custom_margin=\u00bb16px||||false|false\u00bb custom_padding=\u00bb|||\u00bb animation_style=\u00bbfold\u00bb animation_delay=\u00bb150ms\u00bb animation=\u00bboff\u00bb icon_font_size=\u00bb28px\u00bb locked=\u00bboff\u00bb global_colors_info=\u00bb{}\u00bb]<\/p>\n<p style=\"text-align: justify\">Financiado por la Uni\u00f3n Europea. Las opiniones y puntos de vista expresados solo comprometen a su(s) autor(es) y no reflejan necesariamente los de la Uni\u00f3n Europea o los de la Agencia Ejecutiva Europea de Educaci\u00f3n y Cultura (EACEA). Ni la Uni\u00f3n Europea ni la EACEA pueden ser considerados responsables de ellos.<\/p>\n<p>[\/et_pb_blurb][\/et_pb_column][\/et_pb_row][\/et_pb_section]<\/p>\n","protected":false},"excerpt":{"rendered":"<p>Comit\u00e9 de Coordinaci\u00f3n de Proyectos AlemaniaEspa\u00f1aItalia &nbsp;ItaliaAlemaniaMalasiaMalasiaIndonesiaIndonesiaFilipinasFilipinasFinanciado por la Uni\u00f3n Europea. Las opiniones y puntos de vista expresados solo comprometen a su(s) autor(es) y no reflejan necesariamente los de la Uni\u00f3n Europea o los de la Agencia Ejecutiva Europea de Educaci\u00f3n y Cultura (EACEA). Ni la Uni\u00f3n Europea ni la EACEA pueden ser considerados responsables [&hellip;]<\/p>\n","protected":false},"author":262,"featured_media":0,"parent":0,"menu_order":0,"comment_status":"closed","ping_status":"closed","template":"","meta":{"_et_pb_use_builder":"on","_et_pb_old_content":"","_et_gb_content_width":"","footnotes":""},"class_list":["post-2522","page","type-page","status-publish","hentry"],"_links":{"self":[{"href":"https:\/\/microcasa.uc3m.es\/es\/wp-json\/wp\/v2\/pages\/2522","targetHints":{"allow":["GET"]}}],"collection":[{"href":"https:\/\/microcasa.uc3m.es\/es\/wp-json\/wp\/v2\/pages"}],"about":[{"href":"https:\/\/microcasa.uc3m.es\/es\/wp-json\/wp\/v2\/types\/page"}],"author":[{"embeddable":true,"href":"https:\/\/microcasa.uc3m.es\/es\/wp-json\/wp\/v2\/users\/262"}],"replies":[{"embeddable":true,"href":"https:\/\/microcasa.uc3m.es\/es\/wp-json\/wp\/v2\/comments?post=2522"}],"version-history":[{"count":18,"href":"https:\/\/microcasa.uc3m.es\/es\/wp-json\/wp\/v2\/pages\/2522\/revisions"}],"predecessor-version":[{"id":5494,"href":"https:\/\/microcasa.uc3m.es\/es\/wp-json\/wp\/v2\/pages\/2522\/revisions\/5494"}],"wp:attachment":[{"href":"https:\/\/microcasa.uc3m.es\/es\/wp-json\/wp\/v2\/media?parent=2522"}],"curies":[{"name":"wp","href":"https:\/\/api.w.org\/{rel}","templated":true}]}}